{"id":2,"date":"2016-06-09T16:26:35","date_gmt":"2016-06-09T16:26:35","guid":{"rendered":"http:\/\/nachoguerras.com\/?page_id=2"},"modified":"2016-07-26T09:01:00","modified_gmt":"2016-07-26T09:01:00","slug":"pagina-ejemplo","status":"publish","type":"page","link":"http:\/\/nachoguerras.com\/","title":{"rendered":"Export"},"content":{"rendered":"<p>[et_pb_section admin_label=\u00bbsection\u00bb background_color=\u00bb#ffffff\u00bb inner_shadow=\u00bboff\u00bb parallax=\u00bbon\u00bb transparent_background=\u00bboff\u00bb allow_player_pause=\u00bboff\u00bb parallax_method=\u00bboff\u00bb padding_mobile=\u00bboff\u00bb make_fullwidth=\u00bboff\u00bb use_custom_width=\u00bboff\u00bb width_unit=\u00bbon\u00bb make_equal=\u00bboff\u00bb use_custom_gutter=\u00bboff\u00bb][et_pb_row admin_label=\u00bbrow\u00bb][et_pb_column type=\u00bb4_4&#8243;][et_pb_slider admin_label=\u00bbDeslizador\u00bb show_arrows=\u00bbon\u00bb show_pagination=\u00bbon\u00bb auto=\u00bbon\u00bb auto_speed=\u00bb4500&#8243; auto_ignore_hover=\u00bboff\u00bb parallax=\u00bboff\u00bb parallax_method=\u00bboff\u00bb remove_inner_shadow=\u00bbon\u00bb background_position=\u00bbdefault\u00bb background_size=\u00bbcontain\u00bb hide_content_on_mobile=\u00bboff\u00bb hide_cta_on_mobile=\u00bboff\u00bb show_image_video_mobile=\u00bboff\u00bb custom_button=\u00bboff\u00bb button_letter_spacing=\u00bb0&#8243; button_use_icon=\u00bbdefault\u00bb button_icon_placement=\u00bbright\u00bb button_on_hover=\u00bbon\u00bb button_letter_spacing_hover=\u00bb0&#8243;] [et_pb_slide background_position=\u00bbcenter\u00bb background_size=\u00bbcontain\u00bb background_color=\u00bb#ffffff\u00bb use_bg_overlay=\u00bboff\u00bb use_text_overlay=\u00bboff\u00bb alignment=\u00bbcenter\u00bb background_layout=\u00bbdark\u00bb allow_player_pause=\u00bboff\u00bb text_border_radius=\u00bb3&#8243; header_font_select=\u00bbdefault\u00bb header_font=\u00bb||||\u00bb body_font_select=\u00bbdefault\u00bb body_font=\u00bb||||\u00bb custom_button=\u00bboff\u00bb button_font_select=\u00bbdefault\u00bb button_font=\u00bb||||\u00bb button_use_icon=\u00bbdefault\u00bb button_icon_placement=\u00bbright\u00bb button_on_hover=\u00bbon\u00bb background_image=\u00bbhttp:\/\/nachoguerras.com\/wp-content\/uploads\/2016\/06\/logo-ng.jpg\u00bb] [\/et_pb_slide][et_pb_slide background_position=\u00bbcenter\u00bb background_size=\u00bbcontain\u00bb background_color=\u00bb#ffffff\u00bb use_bg_overlay=\u00bboff\u00bb use_text_overlay=\u00bboff\u00bb alignment=\u00bbcenter\u00bb background_layout=\u00bbdark\u00bb allow_player_pause=\u00bboff\u00bb text_border_radius=\u00bb3&#8243; header_font_select=\u00bbdefault\u00bb header_font=\u00bb||||\u00bb body_font_select=\u00bbdefault\u00bb body_font=\u00bb||||\u00bb custom_button=\u00bboff\u00bb button_font_select=\u00bbdefault\u00bb button_font=\u00bb||||\u00bb button_use_icon=\u00bbdefault\u00bb button_icon_placement=\u00bbright\u00bb button_on_hover=\u00bbon\u00bb background_image=\u00bbhttp:\/\/nachoguerras.com\/wp-content\/uploads\/2016\/06\/por3.jpg\u00bb] [\/et_pb_slide][et_pb_slide background_position=\u00bbcenter\u00bb background_size=\u00bbcover\u00bb background_color=\u00bb#ffffff\u00bb use_bg_overlay=\u00bboff\u00bb use_text_overlay=\u00bboff\u00bb alignment=\u00bbcenter\u00bb background_layout=\u00bbdark\u00bb allow_player_pause=\u00bboff\u00bb text_border_radius=\u00bb3&#8243; header_font_select=\u00bbdefault\u00bb header_font=\u00bb||||\u00bb body_font_select=\u00bbdefault\u00bb body_font=\u00bb||||\u00bb custom_button=\u00bboff\u00bb button_font_select=\u00bbdefault\u00bb button_font=\u00bb||||\u00bb button_use_icon=\u00bbdefault\u00bb button_icon_placement=\u00bbright\u00bb button_on_hover=\u00bbon\u00bb background_image=\u00bbhttp:\/\/nachoguerras.com\/wp-content\/uploads\/2016\/06\/por1.jpg\u00bb] [\/et_pb_slide] [\/et_pb_slider][\/et_pb_column][\/et_pb_row][\/et_pb_section][et_pb_section admin_label=\u00bbsection\u00bb fullwidth=\u00bboff\u00bb specialty=\u00bboff\u00bb inner_shadow=\u00bboff\u00bb parallax=\u00bboff\u00bb transparent_background=\u00bboff\u00bb background_color=\u00bb#1c1c1c\u00bb allow_player_pause=\u00bboff\u00bb parallax_method=\u00bboff\u00bb padding_mobile=\u00bboff\u00bb make_fullwidth=\u00bboff\u00bb use_custom_width=\u00bboff\u00bb width_unit=\u00bbon\u00bb make_equal=\u00bboff\u00bb use_custom_gutter=\u00bboff\u00bb][et_pb_row admin_label=\u00bbrow\u00bb][et_pb_column type=\u00bb1_2&#8243;][et_pb_text admin_label=\u00bbText\u00bb background_layout=\u00bbdark\u00bb text_orientation=\u00bbleft\u00bb use_border_color=\u00bboff\u00bb border_color=\u00bb#ffffff\u00bb border_style=\u00bbsolid\u00bb]<\/p>\n<h2>Company<\/h2>\n<p style=\"text-align: justify;\">We have rich importing experience in foreign products to China, including the application of SFDA and all necessary procedures. Our sales network has cover all China, including almost all major consumption provinces, for example, Yunnan, Zhejiang, Guangzhou, Jiangsu, etc. we have our own distributor structure, our sales channels include shopping mall and department stores, nationwide health and beauty retail chain stores, nationwide supermarkets, local chain stores, cosmetics boutique, maternal and infant boutiques, and pharmacies. Our mission is to bring more and more products of good quality to Chinese consumers.<\/p>\n<p>[\/et_pb_text][\/et_pb_column][et_pb_column type=\u00bb1_2&#8243;][et_pb_text admin_label=\u00bbText\u00bb background_layout=\u00bbdark\u00bb text_orientation=\u00bbleft\u00bb use_border_color=\u00bboff\u00bb border_color=\u00bb#ffffff\u00bb border_style=\u00bbsolid\u00bb]<\/p>\n<h2 style=\"text-align: justify;\">\u5728\u8fdb\u53e3\u56fd\u5916\u4ea7\u54c1\u6211\u4eec\u6709\u8db3\u591f\u7ecf\u9a8c\uff0c\u62b1\u8fc7SFDA\u529f\u80fd\uff0c \u8fd8\u6709\u6240\u6709\u9700\u8981\u7684\u6d41\u7a0b\u3002 \u6211\u4eec\u9500\u552e\u7f51\u8986\u76d6\u5168\u56fd\u5404\u5730\uff0c\u5927\u90e8\u5206\u6cbf\u6d77\u5730\u533a\u7701\uff0c\u6bd4\u5982\u6d59\u6c5f\uff0c\u6c5f\u82cf\uff0c\u5e7f\u4e1c\uff0c\u4e91\u5357 \u7b49\u7b49\u7684\u3002\u6211\u4eec\u6709\u6211\u4eec\u81ea\u5df1\u7684\u4ee3\u7406\u5546\u67b6\u6784\uff0c\u6211\u4eec\u9500\u552e\u6e20\u9053\u62b1\u8fc7\u5927\u90e8\u5206\u5927\u8d85\u5e02\uff0c\u767e\u8d27\u5927\u697c\uff0c\u7f8e\u5bb9\u5e97\uff0c\u513f\u7ae5\u6bcd\u5a74\u5e97\uff0c\u7b49\u7b49\u7684\u3002\u6211\u4eec\u7684\u68a6\u60f3\u76ee\u6807\u662f\u4f9b\u5e94\u4e16\u754c\u5404\u5730\u6700\u597d\u6700\u9ad8\u8d28\u91cf\u7684\u4ea7\u54c1\u7ed9\u6211\u4eec\u4f1f\u5927\u7684\u56fd\u5bb6\u4e2d\u56fd\u3002<\/h2>\n<p>[\/et_pb_text][\/et_pb_column][\/et_pb_row][\/et_pb_section][et_pb_section admin_label=\u00bbSecci\u00f3n\u00bb fullwidth=\u00bbon\u00bb specialty=\u00bboff\u00bb][et_pb_fullwidth_image admin_label=\u00bbImagen de anchura completa\u00bb src=\u00bbhttp:\/\/nachoguerras.com\/wp-content\/uploads\/2016\/06\/mba-export-management-training.jpg\u00bb show_in_lightbox=\u00bboff\u00bb url_new_window=\u00bboff\u00bb use_overlay=\u00bboff\u00bb animation=\u00bbleft\u00bb use_border_color=\u00bboff\u00bb border_color=\u00bb#ffffff\u00bb border_style=\u00bbsolid\u00bb] [\/et_pb_fullwidth_image][\/et_pb_section][et_pb_section admin_label=\u00bbsection\u00bb fullwidth=\u00bboff\u00bb specialty=\u00bboff\u00bb background_color=\u00bb#ffffff\u00bb inner_shadow=\u00bboff\u00bb parallax=\u00bboff\u00bb transparent_background=\u00bboff\u00bb allow_player_pause=\u00bboff\u00bb parallax_method=\u00bboff\u00bb padding_mobile=\u00bboff\u00bb make_fullwidth=\u00bboff\u00bb use_custom_width=\u00bboff\u00bb width_unit=\u00bbon\u00bb make_equal=\u00bboff\u00bb use_custom_gutter=\u00bboff\u00bb][et_pb_row admin_label=\u00bbFila\u00bb][et_pb_column type=\u00bb1_3&#8243;][et_pb_number_counter admin_label=\u00bbNumber Counter\u00bb title=\u00bbProducts\u00bb number=\u00bb873&#8243; percent_sign=\u00bboff\u00bb background_layout=\u00bblight\u00bb counter_color=\u00bb#666666&#8243; use_border_color=\u00bboff\u00bb border_color=\u00bb#ffffff\u00bb border_style=\u00bbsolid\u00bb]<br \/>\n[\/et_pb_number_counter][\/et_pb_column][et_pb_column type=\u00bb1_3&#8243;][et_pb_number_counter admin_label=\u00bbNumber Counter\u00bb title=\u00bbClients\u00bb number=\u00bb28&#8243; percent_sign=\u00bboff\u00bb background_layout=\u00bblight\u00bb counter_color=\u00bb#666666&#8243; use_border_color=\u00bboff\u00bb border_color=\u00bb#ffffff\u00bb border_style=\u00bbsolid\u00bb]<br \/>\n[\/et_pb_number_counter][\/et_pb_column][et_pb_column type=\u00bb1_3&#8243;][et_pb_number_counter admin_label=\u00bbNumber Counter\u00bb title=\u00bbCities sell\u00bb number=\u00bb86&#8243; percent_sign=\u00bboff\u00bb background_layout=\u00bblight\u00bb counter_color=\u00bb#666666&#8243; use_border_color=\u00bboff\u00bb border_color=\u00bb#ffffff\u00bb border_style=\u00bbsolid\u00bb]<br \/>\n[\/et_pb_number_counter][\/et_pb_column][\/et_pb_row][\/et_pb_section][et_pb_section admin_label=\u00bbSecci\u00f3n\u00bb fullwidth=\u00bboff\u00bb specialty=\u00bboff\u00bb background_image=\u00bbhttp:\/\/nachoguerras.com\/wp-content\/uploads\/2016\/06\/151022-chinese-woman-supermarket-purchasing-yh-1135a_4c8dc6334c2a6e09d684f1e5970d9b9d.nbcnews-ux-2880-1000.jpg\u00bb transparent_background=\u00bboff\u00bb background_color=\u00bb#ffffff\u00bb allow_player_pause=\u00bboff\u00bb inner_shadow=\u00bboff\u00bb parallax=\u00bboff\u00bb parallax_method=\u00bboff\u00bb padding_mobile=\u00bboff\u00bb make_fullwidth=\u00bboff\u00bb use_custom_width=\u00bboff\u00bb width_unit=\u00bbon\u00bb make_equal=\u00bboff\u00bb use_custom_gutter=\u00bboff\u00bb][et_pb_row admin_label=\u00bbFila\u00bb][et_pb_column type=\u00bb4_4&#8243;][et_pb_divider admin_label=\u00bbSeparador\u00bb color=\u00bb#ffffff\u00bb show_divider=\u00bboff\u00bb height=\u00bb200&#8243; divider_style=\u00bbsolid\u00bb divider_position=\u00bbtop\u00bb hide_on_mobile=\u00bbon\u00bb] [\/et_pb_divider][\/et_pb_column][\/et_pb_row][\/et_pb_section][et_pb_section admin_label=\u00bbsection\u00bb fullwidth=\u00bboff\u00bb specialty=\u00bboff\u00bb background_color=\u00bb#353535&#8243; inner_shadow=\u00bboff\u00bb parallax=\u00bboff\u00bb][et_pb_row admin_label=\u00bbFila\u00bb][et_pb_column type=\u00bb4_4&#8243;][et_pb_counters admin_label=\u00bbBar Counters\u00bb background_layout=\u00bblight\u00bb background_color=\u00bb#fcfcfc\u00bb bar_bg_color=\u00bbrgba(28,7,7,0.65)\u00bb use_percentages=\u00bbon\u00bb use_border_color=\u00bboff\u00bb border_color=\u00bb#ffffff\u00bb border_style=\u00bbsolid\u00bb] [et_pb_counter percent=\u00bb60&#8243;] Hiper [\/et_pb_counter][et_pb_counter percent=\u00bb15&#8243;] Retail [\/et_pb_counter][et_pb_counter percent=\u00bb25&#8243;] Web [\/et_pb_counter] [\/et_pb_counters][\/et_pb_column][\/et_pb_row][\/et_pb_section][et_pb_section admin_label=\u00bbsection\u00bb fullwidth=\u00bboff\u00bb specialty=\u00bboff\u00bb background_color=\u00bb#ffffff\u00bb inner_shadow=\u00bboff\u00bb parallax=\u00bboff\u00bb transparent_background=\u00bboff\u00bb allow_player_pause=\u00bboff\u00bb parallax_method=\u00bboff\u00bb custom_padding=\u00bb25px||25px|\u00bb padding_mobile=\u00bboff\u00bb make_fullwidth=\u00bboff\u00bb use_custom_width=\u00bboff\u00bb width_unit=\u00bbon\u00bb make_equal=\u00bboff\u00bb use_custom_gutter=\u00bboff\u00bb background_image=\u00bbhttp:\/\/nachoguerras.com\/wp-content\/uploads\/2016\/06\/adobestock_60501254.jpg\u00bb][et_pb_row admin_label=\u00bbrow\u00bb][et_pb_column type=\u00bb4_4&#8243;][et_pb_divider admin_label=\u00bbSeparador\u00bb color=\u00bb#ffffff\u00bb show_divider=\u00bboff\u00bb height=\u00bb225&#8243; divider_style=\u00bbsolid\u00bb divider_position=\u00bbtop\u00bb hide_on_mobile=\u00bbon\u00bb] [\/et_pb_divider][\/et_pb_column][\/et_pb_row][\/et_pb_section][et_pb_section admin_label=\u00bbSecci\u00f3n\u00bb fullwidth=\u00bbon\u00bb specialty=\u00bboff\u00bb][et_pb_fullwidth_map admin_label=\u00bbMapa de anchura completa\u00bb address=\u00bbChina\u00bb address_lat=\u00bb23.184852263261323&#8243; address_lng=\u00bb58.17583839146799&#8243; mouse_wheel=\u00bboff\u00bb zoom_level=\u00bb2&#8243;] [et_pb_map_pin title=\u00bbChina\u00bb pin_address=\u00bbChina\u00bb pin_address_lat=\u00bb35.86166&#8243; pin_address_lng=\u00bb104.19539699999996&#8243;] [\/et_pb_map_pin][et_pb_map_pin title=\u00bbespa\u00f1a\u00bb pin_address=\u00bb46940 Manises, Valencia, Espa\u00f1a\u00bb pin_address_lat=\u00bb39.4937868&#8243; pin_address_lng=\u00bb-0.463538299999982&#8243;] [\/et_pb_map_pin][et_pb_map_pin title=\u00bbsudafrica\u00bb pin_address=\u00bbSud\u00e1frica\u00bb pin_address_lat=\u00bb-30.559482&#8243; pin_address_lng=\u00bb22.937505999999985&#8243;] [\/et_pb_map_pin][et_pb_map_pin title=\u00bbpolonia\u00bb pin_address=\u00bbPolonia\u00bb pin_address_lat=\u00bb51.919438&#8243; pin_address_lng=\u00bb19.14513599999998&#8243;] [\/et_pb_map_pin] [\/et_pb_fullwidth_map][\/et_pb_section][et_pb_section admin_label=\u00bbSecci\u00f3n\u00bb fullwidth=\u00bboff\u00bb specialty=\u00bboff\u00bb][et_pb_row admin_label=\u00bbFila\u00bb][et_pb_column type=\u00bb4_4&#8243;][et_pb_contact_form admin_label=\u00bbFormulario de contacto\u00bb captcha=\u00bbon\u00bb use_redirect=\u00bboff\u00bb success_message=\u00bbThnks. \u00bb input_border_radius=\u00bb0&#8243; use_border_color=\u00bboff\u00bb border_color=\u00bb#ffffff\u00bb border_style=\u00bbsolid\u00bb custom_button=\u00bboff\u00bb button_letter_spacing=\u00bb0&#8243; button_use_icon=\u00bbdefault\u00bb button_icon_placement=\u00bbright\u00bb button_on_hover=\u00bbon\u00bb button_letter_spacing_hover=\u00bb0&#8243; email=\u00bbinfo@nachoguerras.com\u00bb] [et_pb_contact_field field_title=\u00bbNombre\u00bb field_type=\u00bbinput\u00bb field_id=\u00bbName\u00bb required_mark=\u00bbon\u00bb fullwidth_field=\u00bboff\u00bb \/][et_pb_contact_field field_title=\u00bbDirecci\u00f3n de correo electr\u00f3nico\u00bb field_type=\u00bbemail\u00bb field_id=\u00bbEmail\u00bb required_mark=\u00bbon\u00bb fullwidth_field=\u00bboff\u00bb \/][et_pb_contact_field field_title=\u00bbMensaje\u00bb field_type=\u00bbtext\u00bb field_id=\u00bbMessage\u00bb required_mark=\u00bbon\u00bb \/] [\/et_pb_contact_form][\/et_pb_column][\/et_pb_row][\/et_pb_section][et_pb_section admin_label=\u00bbSecci\u00f3n\u00bb fullwidth=\u00bboff\u00bb specialty=\u00bboff\u00bb][et_pb_row admin_label=\u00bbFila\u00bb][et_pb_column type=\u00bb4_4&#8243;][et_pb_text admin_label=\u00bbTexto\u00bb background_layout=\u00bblight\u00bb text_orientation=\u00bbleft\u00bb use_border_color=\u00bboff\u00bb border_color=\u00bb#ffffff\u00bb border_style=\u00bbsolid\u00bb]<\/p>\n<p><a href=\"http:\/\/nachoguerras.com\/wp-content\/uploads\/2016\/06\/marcas.jpg\"><img decoding=\"async\" loading=\"lazy\" class=\"size-large wp-image-103 aligncenter\" src=\"http:\/\/nachoguerras.com\/wp-content\/uploads\/2016\/06\/marcas-1024x293.jpg\" alt=\"marcas\" width=\"1024\" height=\"293\" srcset=\"http:\/\/nachoguerras.com\/wp-content\/uploads\/2016\/06\/marcas-1024x293.jpg 1024w, http:\/\/nachoguerras.com\/wp-content\/uploads\/2016\/06\/marcas-300x86.jpg 300w, http:\/\/nachoguerras.com\/wp-content\/uploads\/2016\/06\/marcas-768x220.jpg 768w, http:\/\/nachoguerras.com\/wp-content\/uploads\/2016\/06\/marcas-1080x310.jpg 1080w\" sizes=\"(max-width: 1024px) 100vw, 1024px\" \/><\/a><\/p>\n<p>[\/et_pb_text][\/et_pb_column][\/et_pb_row][\/et_pb_section]<\/p>\n","protected":false},"excerpt":{"rendered":"<p>Company We have rich importing experience in foreign products to China, including the application of SFDA and all necessary procedures. Our sales network has cover all China, including almost all major consumption provinces, for example, Yunnan, Zhejiang, Guangzhou, Jiangsu, etc. we have our own distributor structure, our sales channels include shopping mall and department stores, [&hellip;]<\/p>\n","protected":false},"author":1,"featured_media":0,"parent":0,"menu_order":0,"comment_status":"open","ping_status":"open","template":"","meta":{"_et_pb_use_builder":"on","_et_pb_old_content":"Esto es una p\u00e1gina de ejemplo. Es diferente a una entrada porque permanece fija en un lugar y se mostrar\u00e1 en la navegaci\u00f3n de tu sitio (en la mayor\u00eda de los temas). La mayor\u00eda de la gente empieza con una p\u00e1gina de Acerca de, que les presenta a los potenciales visitantes del sitio. Podr\u00eda ser algo como esto:\r\n\r\n<blockquote>\u00a1Hola! Soy mensajero por el d\u00eda, aspirante a actor por la noche, y este es mi blog. Vivo en Madrid, tengo un perrazo llamado Duque y me gustan las pi\u00f1as coladas (y que me pille un chaparr\u00f3n)<\/blockquote>\r\n\r\n...o algo as\u00ed:\r\n\r\n<blockquote>La empresa XYZ se fund\u00f3 en 1971 y ha estado ofreciendo \"cosas\" de calidad al p\u00fablico desde entonces. Situada en Madrid, XYZ emplea a m\u00e1s de 2.000 personas y hace todo tipo de cosas sorprendentes para la comunidad de Madrid.<\/blockquote>\r\n\r\nSi eres nuevo en WordPress deber\u00edas ir a <a href=\"http:\/\/nachoguerras.com\/wp-admin\/\">tu escritorio<\/a> para borrar esta p\u00e1gina y crear p\u00e1ginas nuevas con tu propio contenido. \u00a1P\u00e1salo bien!","_et_gb_content_width":"","footnotes":""},"_links":{"self":[{"href":"http:\/\/nachoguerras.com\/index.php?rest_route=\/wp\/v2\/pages\/2"}],"collection":[{"href":"http:\/\/nachoguerras.com\/index.php?rest_route=\/wp\/v2\/pages"}],"about":[{"href":"http:\/\/nachoguerras.com\/index.php?rest_route=\/wp\/v2\/types\/page"}],"author":[{"embeddable":true,"href":"http:\/\/nachoguerras.com\/index.php?rest_route=\/wp\/v2\/users\/1"}],"replies":[{"embeddable":true,"href":"http:\/\/nachoguerras.com\/index.php?rest_route=%2Fwp%2Fv2%2Fcomments&post=2"}],"version-history":[{"count":38,"href":"http:\/\/nachoguerras.com\/index.php?rest_route=\/wp\/v2\/pages\/2\/revisions"}],"predecessor-version":[{"id":105,"href":"http:\/\/nachoguerras.com\/index.php?rest_route=\/wp\/v2\/pages\/2\/revisions\/105"}],"wp:attachment":[{"href":"http:\/\/nachoguerras.com\/index.php?rest_route=%2Fwp%2Fv2%2Fmedia&parent=2"}],"curies":[{"name":"wp","href":"https:\/\/api.w.org\/{rel}","templated":true}]}}